{"id":469,"date":"2025-05-07T14:32:17","date_gmt":"2025-05-07T12:32:17","guid":{"rendered":"https:\/\/blauchem.com\/rodo\/"},"modified":"2025-05-12T10:11:24","modified_gmt":"2025-05-12T08:11:24","slug":"rodo","status":"publish","type":"page","link":"https:\/\/blauchem.com\/de\/rodo\/","title":{"rendered":"RODO"},"content":{"rendered":"<p>[et_pb_section fb_built=&#8220;1&#8243; _builder_version=&#8220;4.27.4&#8243; _module_preset=&#8220;default&#8220; global_colors_info=&#8220;{}&#8220;][et_pb_row _builder_version=&#8220;4.27.4&#8243; _module_preset=&#8220;default&#8220; global_colors_info=&#8220;{}&#8220;][et_pb_column type=&#8220;4_4&#8243; _builder_version=&#8220;4.27.4&#8243; _module_preset=&#8220;default&#8220; global_colors_info=&#8220;{}&#8220;][et_pb_text _builder_version=&#8220;4.27.4&#8243; _module_preset=&#8220;default&#8220; global_colors_info=&#8220;{}&#8220;]<\/p>\n<h2 data-start=\"306\" data-end=\"363\" class=\"\"><strong data-start=\"309\" data-end=\"363\">RODO &#8211; Informationen \u00fcber die Verarbeitung personenbezogener Daten<\/strong><\/h2>\n<p data-start=\"365\" data-end=\"509\" class=\"\">In \u00dcbereinstimmung mit Artikel 13 und 14 der Verordnung (EU) 2016\/679 des Europ\u00e4ischen Parlaments und des Rates vom 27. April 2016. (sogenannte <strong data-start=\"482\" data-end=\"490\">RODO<\/strong>) informieren wir Sie, dass:  <\/p>\n<hr data-start=\"511\" data-end=\"514\" class=\"\">\n<h3 data-start=\"516\" data-end=\"544\" class=\"\">\u00a71 Inhaber der Datenverarbeitung <\/h3>\n<p data-start=\"546\" data-end=\"779\" class=\"\">Der f\u00fcr die Verarbeitung Ihrer pers\u00f6nlichen Daten Verantwortliche ist:<br data-start=\"591\" data-end=\"594\"><strong data-start=\"594\" data-end=\"617\">BlauChem Sp. z o.o. <\/strong><br data-start=\"617\" data-end=\"620\">ul. Zielonog\u00f3rska 35<br data-start=\"640\" data-end=\"643\">71-084 Szczecin<br data-start=\"658\" data-end=\"661\">KRS: 0000272223<br data-start=\"676\" data-end=\"679\">NIP: 851-299-73-31<br data-start=\"697\" data-end=\"700\">REGON: 320293230 <br data-start=\"716\" data-end=\"719\"><strong data-start=\"719\" data-end=\"730\">E-Mail:<\/strong> <a data-start=\"731\" data-end=\"750\" class=\"cursor-pointer\" rel=\"noopener\">office@blauchem.com<\/a><br data-start=\"750\" data-end=\"753\"><strong data-start=\"753\" data-end=\"762\">Tel:<\/strong> +48 91 350 03 63<\/p>\n<hr data-start=\"781\" data-end=\"784\" class=\"\">\n<h3 data-start=\"786\" data-end=\"823\" class=\"\">\u00a72 Zwecke und Grundlage der Verarbeitung <\/h3>\n<p data-start=\"825\" data-end=\"889\" class=\"\">Ihre pers\u00f6nlichen Daten k\u00f6nnen f\u00fcr die folgenden Zwecke verarbeitet werden:<\/p>\n<div class=\"_tableContainer_16hzy_1\">\n<div class=\"_tableWrapper_16hzy_14 group flex w-fit flex-col-reverse\" tabindex=\"-1\">\n<table data-start=\"891\" data-end=\"1696\" class=\"w-fit min-w-(--thread-content-width)\">\n<thead data-start=\"891\" data-end=\"990\">\n<tr data-start=\"891\" data-end=\"990\">\n<th data-start=\"891\" data-end=\"944\" data-col-size=\"md\"><strong data-start=\"893\" data-end=\"914\">Zweck der Verarbeitung<\/strong><\/th>\n<th data-start=\"944\" data-end=\"990\" data-col-size=\"sm\"><strong data-start=\"946\" data-end=\"965\">Rechtsgrundlage<\/strong><\/th>\n<\/tr>\n<\/thead>\n<tbody data-start=\"1091\" data-end=\"1696\">\n<tr data-start=\"1091\" data-end=\"1191\">\n<td data-start=\"1091\" data-end=\"1144\" data-col-size=\"md\">Beantwortung von Anfragen<\/td>\n<td data-col-size=\"sm\" data-start=\"1144\" data-end=\"1191\">Artikel 6(1)(b) oder (f) RODO  <\/td>\n<\/tr>\n<tr data-start=\"1192\" data-end=\"1292\">\n<td data-start=\"1192\" data-end=\"1245\" data-col-size=\"md\">Vorbereitung und Durchf\u00fchrung des kommerziellen Angebots<\/td>\n<td data-col-size=\"sm\" data-start=\"1245\" data-end=\"1292\">Artikel 6(1)(b) RODO  <\/td>\n<\/tr>\n<tr data-start=\"1293\" data-end=\"1393\">\n<td data-start=\"1293\" data-end=\"1346\" data-col-size=\"md\">Vertragsausf\u00fchrung und Transaktionsabwicklung<\/td>\n<td data-col-size=\"sm\" data-start=\"1346\" data-end=\"1393\">Artikel 6(1)(b) RODO  <\/td>\n<\/tr>\n<tr data-start=\"1394\" data-end=\"1494\">\n<td data-start=\"1394\" data-end=\"1447\" data-col-size=\"md\">Erf\u00fcllung gesetzlicher Verpflichtungen (z.B. Buchhaltung)<\/td>\n<td data-col-size=\"sm\" data-start=\"1447\" data-end=\"1494\">Art. 6(1)(c) RODO  <\/td>\n<\/tr>\n<tr data-start=\"1495\" data-end=\"1595\">\n<td data-start=\"1495\" data-end=\"1548\" data-col-size=\"md\">Direktmarketing (wenn die Zustimmung erteilt wurde)<\/td>\n<td data-col-size=\"sm\" data-start=\"1548\" data-end=\"1595\">Artikel 6(1)(a) oder (f) RODO  <\/td>\n<\/tr>\n<tr data-start=\"1596\" data-end=\"1696\">\n<td data-start=\"1596\" data-end=\"1649\" data-col-size=\"md\">Untersuchung von Anspr\u00fcchen, Schutz vor Anspr\u00fcchen<\/td>\n<td data-col-size=\"sm\" data-start=\"1649\" data-end=\"1696\">Artikel 6(1)(f) RODO  <\/td>\n<\/tr>\n<\/tbody>\n<\/table>\n<p><span style=\"font-size: 14px;\">\u00a73 Datenempf\u00e4nger <\/span><\/div>\n<\/div>\n<p data-start=\"1728\" data-end=\"1769\" class=\"\">Ihre pers\u00f6nlichen Daten k\u00f6nnen weitergegeben werden:<\/p>\n<ul data-start=\"1770\" data-end=\"2036\">\n<li data-start=\"1770\" data-end=\"1852\" class=\"\">\n<p data-start=\"1772\" data-end=\"1852\" class=\"\">Unternehmen, die uns in den Bereichen IT, Hosting und technische Infrastruktur unterst\u00fctzen,<\/p>\n<\/li>\n<li data-start=\"1853\" data-end=\"1903\" class=\"\">\n<p data-start=\"1855\" data-end=\"1903\" class=\"\">Kurier-, Transport- und Logistikunternehmen,<\/p>\n<\/li>\n<li data-start=\"1904\" data-end=\"1946\" class=\"\">\n<p data-start=\"1906\" data-end=\"1946\" class=\"\">Anwaltskanzleien, Wirtschaftspr\u00fcfungsb\u00fcros,<\/p>\n<\/li>\n<li data-start=\"1947\" data-end=\"2036\" class=\"\">\n<p data-start=\"1949\" data-end=\"2036\" class=\"\">an andere Stellen, die auf der Grundlage einer Betrauungsvereinbarung mit der Verarbeitung von Daten betraut sind.<\/p>\n<\/li>\n<\/ul>\n<p data-start=\"2038\" data-end=\"2176\" class=\"\">Die Daten werden nicht au\u00dferhalb des Europ\u00e4ischen Wirtschaftsraums \u00fcbertragen, es sei denn, dies ist notwendig und erfolgt in \u00dcbereinstimmung mit den entsprechenden Schutzma\u00dfnahmen der RODO.<\/p>\n<hr data-start=\"2178\" data-end=\"2181\" class=\"\">\n<h3 data-start=\"2183\" data-end=\"2218\" class=\"\">\u00a74 Aufbewahrungsfrist f\u00fcr Daten <\/h3>\n<p data-start=\"2220\" data-end=\"2251\" class=\"\">Es werden personenbezogene Daten verarbeitet:<\/p>\n<ul data-start=\"2252\" data-end=\"2581\">\n<li data-start=\"2252\" data-end=\"2309\" class=\"\">\n<p data-start=\"2254\" data-end=\"2309\" class=\"\">f\u00fcr den Zeitraum, der f\u00fcr die Zwecke der Verarbeitung erforderlich ist,<\/p>\n<\/li>\n<li data-start=\"2310\" data-end=\"2377\" class=\"\">\n<p data-start=\"2312\" data-end=\"2377\" class=\"\">f\u00fcr die Dauer der Gesch\u00e4ftsbeziehung oder des Vertrags,<\/p>\n<\/li>\n<li data-start=\"2378\" data-end=\"2457\" class=\"\">\n<p data-start=\"2380\" data-end=\"2457\" class=\"\">bis Sie Ihre Einwilligung widerrufen (wenn die Verarbeitung auf Ihrer Einwilligung beruht),<\/p>\n<\/li>\n<li data-start=\"2458\" data-end=\"2533\" class=\"\">\n<p data-start=\"2460\" data-end=\"2533\" class=\"\">f\u00fcr den gesetzlich vorgeschriebenen Zeitraum (z.B. Steuer, Buchhaltung),<\/p>\n<\/li>\n<li data-start=\"2534\" data-end=\"2581\" class=\"\">\n<p data-start=\"2536\" data-end=\"2581\" class=\"\">bis die Verj\u00e4hrungsfrist f\u00fcr m\u00f6gliche Anspr\u00fcche abgelaufen ist.<\/p>\n<\/li>\n<\/ul>\n<hr data-start=\"2583\" data-end=\"2586\" class=\"\">\n<h3 data-start=\"2588\" data-end=\"2628\" class=\"\">\u00a75 Rechte der betroffenen Person <\/h3>\n<p data-start=\"2630\" data-end=\"2644\" class=\"\">Sie haben das Recht dazu:<\/p>\n<ul data-start=\"2645\" data-end=\"2948\">\n<li data-start=\"2645\" data-end=\"2684\" class=\"\">\n<p data-start=\"2647\" data-end=\"2684\" class=\"\">Zugang zu und Kopien von ihren Daten,<\/p>\n<\/li>\n<li data-start=\"2685\" data-end=\"2721\" class=\"\">\n<p data-start=\"2687\" data-end=\"2721\" class=\"\">Berichtigung (Korrektur) von Daten,<\/p>\n<\/li>\n<li data-start=\"2722\" data-end=\"2772\" class=\"\">\n<p data-start=\"2724\" data-end=\"2772\" class=\"\">L\u00f6schung von Daten (&#8222;Recht auf Vergessenwerden&#8220;),<\/p>\n<\/li>\n<li data-start=\"2773\" data-end=\"2802\" class=\"\">\n<p data-start=\"2775\" data-end=\"2802\" class=\"\">Einschr\u00e4nkung der Verarbeitung,<\/p>\n<\/li>\n<li data-start=\"2803\" data-end=\"2825\" class=\"\">\n<p data-start=\"2805\" data-end=\"2825\" class=\"\">Daten\u00fcbertragbarkeit,<\/p>\n<\/li>\n<li data-start=\"2826\" data-end=\"2865\" class=\"\">\n<p data-start=\"2828\" data-end=\"2865\" class=\"\">der Verarbeitung zustimmen,<\/p>\n<\/li>\n<li data-start=\"2866\" data-end=\"2948\" class=\"\">\n<p data-start=\"2868\" data-end=\"2948\" class=\"\">die Einwilligung jederzeit widerrufen (wenn die Verarbeitung auf einer Einwilligung beruht).<\/p>\n<\/li>\n<\/ul>\n<hr data-start=\"2950\" data-end=\"2953\" class=\"\">\n<h3 data-start=\"2955\" data-end=\"2978\" class=\"\">\u00a76 Recht auf Beschwerde <\/h3>\n<p data-start=\"2980\" data-end=\"3155\" class=\"\">Wenn Sie der Meinung sind, dass die Verarbeitung Ihrer Daten gegen die Bestimmungen der RODO verst\u00f6\u00dft, haben Sie das Recht, eine Beschwerde bei der Aufsichtsbeh\u00f6rde, dem <strong data-start=\"3111\" data-end=\"3154\">Pr\u00e4sidenten der Datenschutzbeh\u00f6rde<\/strong>, einzureichen.<\/p>\n<hr data-start=\"3157\" data-end=\"3160\" class=\"\">\n<h3 data-start=\"3162\" data-end=\"3197\" class=\"\">\u00a77 Freiwilligkeit der Datenbereitstellung <\/h3>\n<p data-start=\"3199\" data-end=\"3317\" class=\"\">Die Angabe personenbezogener Daten ist freiwillig, kann aber f\u00fcr den Abschluss und die Durchf\u00fchrung eines Vertrages oder die Bearbeitung einer Anfrage erforderlich sein.<\/p>\n<hr data-start=\"3319\" data-end=\"3322\" class=\"\">\n<p data-start=\"3324\" data-end=\"3451\" class=\"\">\ud83d\udce9 <strong data-start=\"3327\" data-end=\"3366\">Kontakt f\u00fcr pers\u00f6nliche Daten:<\/strong><br data-start=\"3366\" data-end=\"3369\">E-Mail: office@blauchem.com<br data-start=\"3426\" data-end=\"3429\">Tel: +48 91 350 03 63<\/p>\n<p>[\/et_pb_text][\/et_pb_column][\/et_pb_row][\/et_pb_section]<\/p>\n","protected":false},"excerpt":{"rendered":"<p>RODO &#8211; Informationen \u00fcber die Verarbeitung personenbezogener Daten In \u00dcbereinstimmung mit Artikel 13 und 14 der Verordnung (EU) 2016\/679 des Europ\u00e4ischen Parlaments und des Rates vom 27. April 2016. (sogenannte RODO) informieren wir Sie, dass: \u00a71 Inhaber der Datenverarbeitung Der f\u00fcr die Verarbeitung Ihrer pers\u00f6nlichen Daten Verantwortliche ist:BlauChem Sp. z o.o. ul. Zielonog\u00f3rska 3571-084 SzczecinKRS: [&hellip;]<\/p>\n","protected":false},"author":1,"featured_media":0,"parent":0,"menu_order":0,"comment_status":"closed","ping_status":"closed","template":"","meta":{"_et_pb_use_builder":"on","_et_pb_old_content":"","_et_gb_content_width":"","footnotes":""},"class_list":["post-469","page","type-page","status-publish","hentry"],"yoast_head":"<!-- This site is optimized with the Yoast SEO plugin v27.5 - https:\/\/yoast.com\/product\/yoast-seo-wordpress\/ -->\n<title>RODO - Blauchem<\/title>\n<meta name=\"robots\" content=\"index, follow, max-snippet:-1, max-image-preview:large, max-video-preview:-1\" \/>\n<link rel=\"canonical\" href=\"https:\/\/blauchem.com\/rodo\/\" \/>\n<meta property=\"og:locale\" content=\"de_DE\" \/>\n<meta property=\"og:type\" content=\"article\" \/>\n<meta property=\"og:title\" content=\"RODO - Blauchem\" \/>\n<meta property=\"og:description\" content=\"RODO - Informationen \u00fcber die Verarbeitung personenbezogener Daten In \u00dcbereinstimmung mit Artikel 13 und 14 der Verordnung (EU) 2016\/679 des Europ\u00e4ischen Parlaments und des Rates vom 27. April 2016. (sogenannte RODO) informieren wir Sie, dass: \u00a71 Inhaber der Datenverarbeitung Der f\u00fcr die Verarbeitung Ihrer pers\u00f6nlichen Daten Verantwortliche ist:BlauChem Sp. z o.o. ul. Zielonog\u00f3rska 3571-084 SzczecinKRS: [&hellip;]\" \/>\n<meta property=\"og:url\" content=\"https:\/\/blauchem.com\/rodo\/\" \/>\n<meta property=\"og:site_name\" content=\"Blauchem\" \/>\n<meta property=\"article:modified_time\" content=\"2025-05-12T08:11:24+00:00\" \/>\n<meta name=\"twitter:card\" content=\"summary_large_image\" \/>\n<meta name=\"twitter:label1\" content=\"Gesch\u00e4tzte Lesezeit\" \/>\n\t<meta name=\"twitter:data1\" content=\"2\u00a0Minuten\" \/>\n<script type=\"application\/ld+json\" class=\"yoast-schema-graph\">{\"@context\":\"https:\\\/\\\/schema.org\",\"@graph\":[{\"@type\":\"WebPage\",\"@id\":\"https:\\\/\\\/blauchem.com\\\/rodo\\\/\",\"url\":\"https:\\\/\\\/blauchem.com\\\/rodo\\\/\",\"name\":\"RODO - Blauchem\",\"isPartOf\":{\"@id\":\"https:\\\/\\\/blauchem.com\\\/#website\"},\"datePublished\":\"2025-05-07T12:32:17+00:00\",\"dateModified\":\"2025-05-12T08:11:24+00:00\",\"breadcrumb\":{\"@id\":\"https:\\\/\\\/blauchem.com\\\/rodo\\\/#breadcrumb\"},\"inLanguage\":\"de\",\"potentialAction\":[{\"@type\":\"ReadAction\",\"target\":[\"https:\\\/\\\/blauchem.com\\\/rodo\\\/\"]}]},{\"@type\":\"BreadcrumbList\",\"@id\":\"https:\\\/\\\/blauchem.com\\\/rodo\\\/#breadcrumb\",\"itemListElement\":[{\"@type\":\"ListItem\",\"position\":1,\"name\":\"Strona g\u0142\u00f3wna\",\"item\":\"https:\\\/\\\/blauchem.com\\\/\"},{\"@type\":\"ListItem\",\"position\":2,\"name\":\"RODO\"}]},{\"@type\":\"WebSite\",\"@id\":\"https:\\\/\\\/blauchem.com\\\/#website\",\"url\":\"https:\\\/\\\/blauchem.com\\\/\",\"name\":\"Blauchem - Bezpo\u015bredni producent kanistr\u00f3w z AdBlue\u00ae\",\"description\":\"\",\"publisher\":{\"@id\":\"https:\\\/\\\/blauchem.com\\\/#organization\"},\"potentialAction\":[{\"@type\":\"SearchAction\",\"target\":{\"@type\":\"EntryPoint\",\"urlTemplate\":\"https:\\\/\\\/blauchem.com\\\/?s={search_term_string}\"},\"query-input\":{\"@type\":\"PropertyValueSpecification\",\"valueRequired\":true,\"valueName\":\"search_term_string\"}}],\"inLanguage\":\"de\"},{\"@type\":\"Organization\",\"@id\":\"https:\\\/\\\/blauchem.com\\\/#organization\",\"name\":\"Blauchem - Bezpo\u015bredni producent kanistr\u00f3w z AdBlue\u00ae\",\"url\":\"https:\\\/\\\/blauchem.com\\\/\",\"logo\":{\"@type\":\"ImageObject\",\"inLanguage\":\"de\",\"@id\":\"https:\\\/\\\/blauchem.com\\\/#\\\/schema\\\/logo\\\/image\\\/\",\"url\":\"https:\\\/\\\/blauchem.com\\\/wp-content\\\/uploads\\\/2025\\\/03\\\/logo_blauchem.jpg\",\"contentUrl\":\"https:\\\/\\\/blauchem.com\\\/wp-content\\\/uploads\\\/2025\\\/03\\\/logo_blauchem.jpg\",\"width\":566,\"height\":136,\"caption\":\"Blauchem - Bezpo\u015bredni producent kanistr\u00f3w z AdBlue\u00ae\"},\"image\":{\"@id\":\"https:\\\/\\\/blauchem.com\\\/#\\\/schema\\\/logo\\\/image\\\/\"}}]}<\/script>\n<!-- \/ Yoast SEO plugin. -->","yoast_head_json":{"title":"RODO - Blauchem","robots":{"index":"index","follow":"follow","max-snippet":"max-snippet:-1","max-image-preview":"max-image-preview:large","max-video-preview":"max-video-preview:-1"},"canonical":"https:\/\/blauchem.com\/rodo\/","og_locale":"de_DE","og_type":"article","og_title":"RODO - Blauchem","og_description":"RODO - Informationen \u00fcber die Verarbeitung personenbezogener Daten In \u00dcbereinstimmung mit Artikel 13 und 14 der Verordnung (EU) 2016\/679 des Europ\u00e4ischen Parlaments und des Rates vom 27. April 2016. (sogenannte RODO) informieren wir Sie, dass: \u00a71 Inhaber der Datenverarbeitung Der f\u00fcr die Verarbeitung Ihrer pers\u00f6nlichen Daten Verantwortliche ist:BlauChem Sp. z o.o. ul. Zielonog\u00f3rska 3571-084 SzczecinKRS: [&hellip;]","og_url":"https:\/\/blauchem.com\/rodo\/","og_site_name":"Blauchem","article_modified_time":"2025-05-12T08:11:24+00:00","twitter_card":"summary_large_image","twitter_misc":{"Gesch\u00e4tzte Lesezeit":"2\u00a0Minuten"},"schema":{"@context":"https:\/\/schema.org","@graph":[{"@type":"WebPage","@id":"https:\/\/blauchem.com\/rodo\/","url":"https:\/\/blauchem.com\/rodo\/","name":"RODO - Blauchem","isPartOf":{"@id":"https:\/\/blauchem.com\/#website"},"datePublished":"2025-05-07T12:32:17+00:00","dateModified":"2025-05-12T08:11:24+00:00","breadcrumb":{"@id":"https:\/\/blauchem.com\/rodo\/#breadcrumb"},"inLanguage":"de","potentialAction":[{"@type":"ReadAction","target":["https:\/\/blauchem.com\/rodo\/"]}]},{"@type":"BreadcrumbList","@id":"https:\/\/blauchem.com\/rodo\/#breadcrumb","itemListElement":[{"@type":"ListItem","position":1,"name":"Strona g\u0142\u00f3wna","item":"https:\/\/blauchem.com\/"},{"@type":"ListItem","position":2,"name":"RODO"}]},{"@type":"WebSite","@id":"https:\/\/blauchem.com\/#website","url":"https:\/\/blauchem.com\/","name":"Blauchem - Bezpo\u015bredni producent kanistr\u00f3w z AdBlue\u00ae","description":"","publisher":{"@id":"https:\/\/blauchem.com\/#organization"},"potentialAction":[{"@type":"SearchAction","target":{"@type":"EntryPoint","urlTemplate":"https:\/\/blauchem.com\/?s={search_term_string}"},"query-input":{"@type":"PropertyValueSpecification","valueRequired":true,"valueName":"search_term_string"}}],"inLanguage":"de"},{"@type":"Organization","@id":"https:\/\/blauchem.com\/#organization","name":"Blauchem - Bezpo\u015bredni producent kanistr\u00f3w z AdBlue\u00ae","url":"https:\/\/blauchem.com\/","logo":{"@type":"ImageObject","inLanguage":"de","@id":"https:\/\/blauchem.com\/#\/schema\/logo\/image\/","url":"https:\/\/blauchem.com\/wp-content\/uploads\/2025\/03\/logo_blauchem.jpg","contentUrl":"https:\/\/blauchem.com\/wp-content\/uploads\/2025\/03\/logo_blauchem.jpg","width":566,"height":136,"caption":"Blauchem - Bezpo\u015bredni producent kanistr\u00f3w z AdBlue\u00ae"},"image":{"@id":"https:\/\/blauchem.com\/#\/schema\/logo\/image\/"}}]}},"_links":{"self":[{"href":"https:\/\/blauchem.com\/de\/wp-json\/wp\/v2\/pages\/469","targetHints":{"allow":["GET"]}}],"collection":[{"href":"https:\/\/blauchem.com\/de\/wp-json\/wp\/v2\/pages"}],"about":[{"href":"https:\/\/blauchem.com\/de\/wp-json\/wp\/v2\/types\/page"}],"author":[{"embeddable":true,"href":"https:\/\/blauchem.com\/de\/wp-json\/wp\/v2\/users\/1"}],"replies":[{"embeddable":true,"href":"https:\/\/blauchem.com\/de\/wp-json\/wp\/v2\/comments?post=469"}],"version-history":[{"count":2,"href":"https:\/\/blauchem.com\/de\/wp-json\/wp\/v2\/pages\/469\/revisions"}],"predecessor-version":[{"id":471,"href":"https:\/\/blauchem.com\/de\/wp-json\/wp\/v2\/pages\/469\/revisions\/471"}],"wp:attachment":[{"href":"https:\/\/blauchem.com\/de\/wp-json\/wp\/v2\/media?parent=469"}],"curies":[{"name":"wp","href":"https:\/\/api.w.org\/{rel}","templated":true}]}}