{"id":487,"date":"2025-05-07T14:30:12","date_gmt":"2025-05-07T12:30:12","guid":{"rendered":"https:\/\/blauchem.com\/vorschriften\/"},"modified":"2025-05-12T10:11:36","modified_gmt":"2025-05-12T08:11:36","slug":"vorschriften","status":"publish","type":"page","link":"https:\/\/blauchem.com\/de\/vorschriften\/","title":{"rendered":"Vorschriften"},"content":{"rendered":"<p>[et_pb_section fb_built=&#8220;1&#8243; theme_builder_area=&#8220;post_content&#8220; _builder_version=&#8220;4.27.4&#8243; _module_preset=&#8220;default&#8220;][et_pb_row _builder_version=&#8220;4.27.4&#8243; _module_preset=&#8220;default&#8220; theme_builder_area=&#8220;post_content&#8220;][et_pb_column _builder_version=&#8220;4.27.4&#8243; _module_preset=&#8220;default&#8220; type=&#8220;4_4&#8243; theme_builder_area=&#8220;post_content&#8220;][et_pb_text _builder_version=&#8220;4.27.4&#8243; _module_preset=&#8220;default&#8220; theme_builder_area=&#8220;post_content&#8220; hover_enabled=&#8220;0&#8243; sticky_enabled=&#8220;0&#8243;]<\/p>\n<h2 data-start=\"261\" data-end=\"314\" class=\"\"><strong data-start=\"264\" data-end=\"314\">ALLGEMEINE GESCH\u00c4FTSBEDINGUNGEN DER WEBSITE <a data-start=\"296\" data-end=\"312\" rel=\"noopener\" target=\"_new\" class=\"\" href=\"http:\/\/www.blauchem.com\">www.blauchem.com<\/a><\/strong><\/h2>\n<h3 data-start=\"316\" data-end=\"344\" class=\"\">\u00a71 Allgemeine Bestimmungen <\/h3>\n<ol data-start=\"346\" data-end=\"907\">\n<li data-start=\"346\" data-end=\"796\" class=\"\">\n<p data-start=\"349\" data-end=\"796\" class=\"\">Diese Allgemeinen Gesch\u00e4ftsbedingungen (&#8222;AGB&#8220;) legen die Regeln f\u00fcr die Nutzung der Website <a data-start=\"456\" data-end=\"499\" rel=\"noopener\" target=\"_new\" class=\"\" href=\"http:\/\/www.blauchem.com\">www.blauchem.com<\/a> fest, die im Besitz von  <strong data-start=\"526\" data-end=\"549\">BlauChem Sp. z o.o. <\/strong>mit Sitz in der ul. Zielonog\u00f3rska 35, 71-084 Szczecin, eingetragen im Unternehmerregister des Bezirksgerichts Szczecin-Centrum, XIII. Wirtschaftsabteilung des Landesgerichtsregisters unter der Nummer <strong data-start=\"735\" data-end=\"749\">0000272223,<\/strong> NIP: <strong data-start=\"756\" data-end=\"773\">851-299-73-31<\/strong>, REGON: <strong data-start=\"782\" data-end=\"795\">320293230.<\/strong> <\/p>\n<\/li>\n<li data-start=\"797\" data-end=\"907\" class=\"\">\n<p data-start=\"800\" data-end=\"907\" class=\"\">Die Nutzung der Website setzt die Annahme dieser Bedingungen durch den Nutzer voraus.<\/p>\n<\/li>\n<\/ol>\n<h3 data-start=\"909\" data-end=\"926\" class=\"\">\u00a72 Definitionen <\/h3>\n<ol data-start=\"928\" data-end=\"1180\">\n<li data-start=\"928\" data-end=\"1015\" class=\"\">\n<p data-start=\"931\" data-end=\"1015\" class=\"\"><strong data-start=\"931\" data-end=\"953\">Website<\/strong> &#8211; der Internetdienst, der unter <a data-start=\"996\" data-end=\"1012\" rel=\"noopener\" target=\"_new\" class=\"\" href=\"http:\/\/www.blauchem.com\">www.blauchem.com verf\u00fcgbar ist .<\/a><\/p>\n<\/li>\n<li data-start=\"1016\" data-end=\"1106\" class=\"\">\n<p data-start=\"1019\" data-end=\"1106\" class=\"\"><strong data-start=\"1019\" data-end=\"1033\">Nutzer<\/strong> &#8211; jede nat\u00fcrliche oder juristische Person, die die Website nutzt.<\/p>\n<\/li>\n<li data-start=\"1107\" data-end=\"1180\" class=\"\">\n<p data-start=\"1110\" data-end=\"1180\" class=\"\"><strong data-start=\"1110\" data-end=\"1127\">Administrator<\/strong> &#8211; BlauChem Sp. z o.o., Eigent\u00fcmer und Betreiber der Website. <\/p>\n<\/li>\n<\/ol>\n<h3 data-start=\"1182\" data-end=\"1230\" class=\"\">\u00a73 Urheberrecht und geistiges Eigentum <\/h3>\n<ol data-start=\"1232\" data-end=\"1602\">\n<li data-start=\"1232\" data-end=\"1418\" class=\"\">\n<p data-start=\"1235\" data-end=\"1418\" class=\"\">Alle auf dieser Website ver\u00f6ffentlichten Inhalte, Grafiken, Logos, Bilder, Dokumente und Produktbeschreibungen sind urheberrechtlich gesch\u00fctzt und sind Eigentum von BlauChem Sp. z o.o. oder seiner Partner. <\/p>\n<\/li>\n<li data-start=\"1419\" data-end=\"1602\" class=\"\">\n<p data-start=\"1422\" data-end=\"1602\" class=\"\">Es ist verboten, Inhalte der Seite ohne die schriftliche Zustimmung des Administrators zu kopieren, zu verarbeiten, zu verbreiten, zu teilen oder f\u00fcr kommerzielle Zwecke zu nutzen.<\/p>\n<\/li>\n<\/ol>\n<h3 data-start=\"1604\" data-end=\"1640\" class=\"\">\u00a74 Nutzungsbedingungen <\/h3>\n<ol data-start=\"1642\" data-end=\"2150\">\n<li data-start=\"1642\" data-end=\"1773\" class=\"\">\n<p data-start=\"1645\" data-end=\"1773\" class=\"\">Der Nutzer ist verpflichtet, die Website in \u00dcbereinstimmung mit dem Gesetz, der guten Praxis und diesen Allgemeinen Gesch\u00e4ftsbedingungen zu nutzen.<\/p>\n<\/li>\n<li data-start=\"1774\" data-end=\"1917\" class=\"\">\n<p data-start=\"1777\" data-end=\"1917\" class=\"\">Es ist verboten, Handlungen vorzunehmen, die das ordnungsgem\u00e4\u00dfe Funktionieren der Website beeintr\u00e4chtigen oder den Administrator sch\u00e4digen k\u00f6nnten.<\/p>\n<\/li>\n<li data-start=\"1918\" data-end=\"2150\" class=\"\">\n<p data-start=\"1921\" data-end=\"1967\" class=\"\">Der Administrator ist nicht verantwortlich f\u00fcr:<\/p>\n<ul data-start=\"1971\" data-end=\"2150\">\n<li data-start=\"1971\" data-end=\"2053\" class=\"\">\n<p data-start=\"1973\" data-end=\"2053\" class=\"\">Unterbrechungen des Betriebs der Website aufgrund von technischen oder unabh\u00e4ngigen Faktoren,<\/p>\n<\/li>\n<li data-start=\"2057\" data-end=\"2150\" class=\"\">\n<p data-start=\"2059\" data-end=\"2150\" class=\"\">Sch\u00e4den, die durch den Missbrauch der Website entstehen.<\/p>\n<\/li>\n<\/ul>\n<\/li>\n<\/ol>\n<h3 data-start=\"2152\" data-end=\"2179\" class=\"\">\u00a75 Kommerzielle Informationen <\/h3>\n<ol data-start=\"2181\" data-end=\"2496\">\n<li data-start=\"2181\" data-end=\"2295\" class=\"\">\n<p data-start=\"2184\" data-end=\"2295\" class=\"\">Die auf dieser Website enthaltenen Informationen dienen ausschlie\u00dflich zu Informationszwecken und stellen kein Angebot im Sinne des Zivilgesetzbuches dar.<\/p>\n<\/li>\n<li data-start=\"2296\" data-end=\"2394\" class=\"\">\n<p data-start=\"2299\" data-end=\"2394\" class=\"\">Preise, technische Daten, Produktbeschreibungen und Verf\u00fcgbarkeit k\u00f6nnen sich \u00e4ndern und sind nicht bindend.<\/p>\n<\/li>\n<li data-start=\"2395\" data-end=\"2496\" class=\"\">\n<p data-start=\"2398\" data-end=\"2496\" class=\"\">F\u00fcr ein kommerzielles Angebot kontaktieren Sie bitte die Vertriebsabteilung von BlauChem Sp. z o.o.. <\/p>\n<\/li>\n<\/ol>\n<h3 data-start=\"2498\" data-end=\"2521\" class=\"\">\u00a76 Kontaktinformationen <\/h3>\n<p data-start=\"2523\" data-end=\"2602\" class=\"\">Bitte richten Sie alle Fragen oder Kommentare zum Betrieb der Website an:<\/p>\n<p data-start=\"2604\" data-end=\"2758\" class=\"\"><strong data-start=\"2604\" data-end=\"2627\">BlauChem Sp. z o.o. <\/strong><br data-start=\"2627\" data-end=\"2630\">35 Zielonog\u00f3rska Stra\u00dfe<br data-start=\"2650\" data-end=\"2653\">71-084 Szczecin <br data-start=\"2668\" data-end=\"2671\"><strong data-start=\"2671\" data-end=\"2679\">Tel.<\/strong>  +48 91 350 03 63<br data-start=\"2696\" data-end=\"2699\"><strong data-start=\"2699\" data-end=\"2707\">Fax.<\/strong>  +48 91 350 03 64<br data-start=\"2724\" data-end=\"2727\"><strong data-start=\"2727\" data-end=\"2738\">E-Mail:<\/strong> <a data-start=\"2739\" data-end=\"2758\" class=\"cursor-pointer\" rel=\"noopener\">office@blauchem.com<\/a><\/p>\n<h3 data-start=\"2760\" data-end=\"2798\" class=\"\">\u00a77 Datenschutz- und Cookie-Richtlinie <\/h3>\n<ol data-start=\"2800\" data-end=\"3068\">\n<li data-start=\"2800\" data-end=\"2940\" class=\"\">\n<p data-start=\"2803\" data-end=\"2940\" class=\"\">Der Administrator verwendet Cookies f\u00fcr das reibungslose Funktionieren der Website, zur Analyse von Statistiken und zur Verbesserung der Qualit\u00e4t der angebotenen Dienste.<\/p>\n<\/li>\n<li data-start=\"2941\" data-end=\"3068\" class=\"\">\n<p data-start=\"2944\" data-end=\"3068\" class=\"\">Ausf\u00fchrliche Informationen \u00fcber die Datenschutz- und Cookie-Richtlinie finden Sie in einem separaten Dokument: <strong data-start=\"3043\" data-end=\"3067\">Datenschutzrichtlinie<\/strong>.<\/p>\n<\/li>\n<\/ol>\n<h3 data-start=\"3070\" data-end=\"3099\" class=\"\">\u00a78 Schlussbestimmungen <\/h3>\n<ol data-start=\"3101\" data-end=\"3313\">\n<li data-start=\"3101\" data-end=\"3248\" class=\"\">\n<p data-start=\"3104\" data-end=\"3248\" class=\"\">Der Administrator beh\u00e4lt sich das Recht vor, die Allgemeinen Gesch\u00e4ftsbedingungen jederzeit zu \u00e4ndern. Die aktuelle Version der Allgemeinen Gesch\u00e4ftsbedingungen wird auf der Website ver\u00f6ffentlicht. <\/p>\n<\/li>\n<li data-start=\"3249\" data-end=\"3313\" class=\"\">\n<p data-start=\"3252\" data-end=\"3313\" class=\"\">Das Reglement tritt am Tag seiner Ver\u00f6ffentlichung auf der Website in Kraft.<\/p>\n<\/li>\n<\/ol>\n<p>[\/et_pb_text][\/et_pb_column][\/et_pb_row][\/et_pb_section]<\/p>\n","protected":false},"excerpt":{"rendered":"<p>ALLGEMEINE GESCH\u00c4FTSBEDINGUNGEN DER WEBSITE www.blauchem.com \u00a71 Allgemeine Bestimmungen Diese Allgemeinen Gesch\u00e4ftsbedingungen (&#8222;AGB&#8220;) legen die Regeln f\u00fcr die Nutzung der Website www.blauchem.com fest, die im Besitz von BlauChem Sp. z o.o. mit Sitz in der ul. Zielonog\u00f3rska 35, 71-084 Szczecin, eingetragen im Unternehmerregister des Bezirksgerichts Szczecin-Centrum, XIII. Wirtschaftsabteilung des Landesgerichtsregisters unter der Nummer 0000272223, NIP: 851-299-73-31, [&hellip;]<\/p>\n","protected":false},"author":1,"featured_media":0,"parent":0,"menu_order":0,"comment_status":"closed","ping_status":"closed","template":"","meta":{"_et_pb_use_builder":"on","_et_pb_old_content":"","_et_gb_content_width":"","footnotes":""},"class_list":["post-487","page","type-page","status-publish","hentry"],"yoast_head":"<!-- This site is optimized with the Yoast SEO plugin v26.4 - https:\/\/yoast.com\/wordpress\/plugins\/seo\/ -->\n<title>Vorschriften - Blauchem<\/title>\n<meta name=\"robots\" content=\"index, follow, max-snippet:-1, max-image-preview:large, max-video-preview:-1\" \/>\n<link rel=\"canonical\" href=\"https:\/\/blauchem.com\/regulamin\/\" \/>\n<meta property=\"og:locale\" content=\"de_DE\" \/>\n<meta property=\"og:type\" content=\"article\" \/>\n<meta property=\"og:title\" content=\"Vorschriften - Blauchem\" \/>\n<meta property=\"og:description\" content=\"ALLGEMEINE GESCH\u00c4FTSBEDINGUNGEN DER WEBSITE www.blauchem.com \u00a71 Allgemeine Bestimmungen Diese Allgemeinen Gesch\u00e4ftsbedingungen (&quot;AGB&quot;) legen die Regeln f\u00fcr die Nutzung der Website www.blauchem.com fest, die im Besitz von BlauChem Sp. z o.o. mit Sitz in der ul. Zielonog\u00f3rska 35, 71-084 Szczecin, eingetragen im Unternehmerregister des Bezirksgerichts Szczecin-Centrum, XIII. Wirtschaftsabteilung des Landesgerichtsregisters unter der Nummer 0000272223, NIP: 851-299-73-31, [&hellip;]\" \/>\n<meta property=\"og:url\" content=\"https:\/\/blauchem.com\/regulamin\/\" \/>\n<meta property=\"og:site_name\" content=\"Blauchem\" \/>\n<meta property=\"article:modified_time\" content=\"2025-05-12T08:11:36+00:00\" \/>\n<meta name=\"twitter:card\" content=\"summary_large_image\" \/>\n<meta name=\"twitter:label1\" content=\"Gesch\u00e4tzte Lesezeit\" \/>\n\t<meta name=\"twitter:data1\" content=\"2\u00a0Minuten\" \/>\n<script type=\"application\/ld+json\" class=\"yoast-schema-graph\">{\"@context\":\"https:\/\/schema.org\",\"@graph\":[{\"@type\":\"WebPage\",\"@id\":\"https:\/\/blauchem.com\/regulamin\/\",\"url\":\"https:\/\/blauchem.com\/regulamin\/\",\"name\":\"Vorschriften - Blauchem\",\"isPartOf\":{\"@id\":\"https:\/\/blauchem.com\/#website\"},\"datePublished\":\"2025-05-07T12:30:12+00:00\",\"dateModified\":\"2025-05-12T08:11:36+00:00\",\"breadcrumb\":{\"@id\":\"https:\/\/blauchem.com\/regulamin\/#breadcrumb\"},\"inLanguage\":\"de\",\"potentialAction\":[{\"@type\":\"ReadAction\",\"target\":[\"https:\/\/blauchem.com\/regulamin\/\"]}]},{\"@type\":\"BreadcrumbList\",\"@id\":\"https:\/\/blauchem.com\/regulamin\/#breadcrumb\",\"itemListElement\":[{\"@type\":\"ListItem\",\"position\":1,\"name\":\"Strona g\u0142\u00f3wna\",\"item\":\"https:\/\/blauchem.com\/\"},{\"@type\":\"ListItem\",\"position\":2,\"name\":\"Vorschriften\"}]},{\"@type\":\"WebSite\",\"@id\":\"https:\/\/blauchem.com\/#website\",\"url\":\"https:\/\/blauchem.com\/\",\"name\":\"Blauchem - Bezpo\u015bredni producent kanistr\u00f3w z AdBlue\u00ae\",\"description\":\"\",\"publisher\":{\"@id\":\"https:\/\/blauchem.com\/#organization\"},\"potentialAction\":[{\"@type\":\"SearchAction\",\"target\":{\"@type\":\"EntryPoint\",\"urlTemplate\":\"https:\/\/blauchem.com\/?s={search_term_string}\"},\"query-input\":{\"@type\":\"PropertyValueSpecification\",\"valueRequired\":true,\"valueName\":\"search_term_string\"}}],\"inLanguage\":\"de\"},{\"@type\":\"Organization\",\"@id\":\"https:\/\/blauchem.com\/#organization\",\"name\":\"Blauchem - Bezpo\u015bredni producent kanistr\u00f3w z AdBlue\u00ae\",\"url\":\"https:\/\/blauchem.com\/\",\"logo\":{\"@type\":\"ImageObject\",\"inLanguage\":\"de\",\"@id\":\"https:\/\/blauchem.com\/#\/schema\/logo\/image\/\",\"url\":\"https:\/\/blauchem.com\/wp-content\/uploads\/2025\/03\/logo_blauchem.jpg\",\"contentUrl\":\"https:\/\/blauchem.com\/wp-content\/uploads\/2025\/03\/logo_blauchem.jpg\",\"width\":566,\"height\":136,\"caption\":\"Blauchem - Bezpo\u015bredni producent kanistr\u00f3w z AdBlue\u00ae\"},\"image\":{\"@id\":\"https:\/\/blauchem.com\/#\/schema\/logo\/image\/\"}}]}<\/script>\n<!-- \/ Yoast SEO plugin. -->","yoast_head_json":{"title":"Vorschriften - Blauchem","robots":{"index":"index","follow":"follow","max-snippet":"max-snippet:-1","max-image-preview":"max-image-preview:large","max-video-preview":"max-video-preview:-1"},"canonical":"https:\/\/blauchem.com\/regulamin\/","og_locale":"de_DE","og_type":"article","og_title":"Vorschriften - Blauchem","og_description":"ALLGEMEINE GESCH\u00c4FTSBEDINGUNGEN DER WEBSITE www.blauchem.com \u00a71 Allgemeine Bestimmungen Diese Allgemeinen Gesch\u00e4ftsbedingungen (\"AGB\") legen die Regeln f\u00fcr die Nutzung der Website www.blauchem.com fest, die im Besitz von BlauChem Sp. z o.o. mit Sitz in der ul. Zielonog\u00f3rska 35, 71-084 Szczecin, eingetragen im Unternehmerregister des Bezirksgerichts Szczecin-Centrum, XIII. Wirtschaftsabteilung des Landesgerichtsregisters unter der Nummer 0000272223, NIP: 851-299-73-31, [&hellip;]","og_url":"https:\/\/blauchem.com\/regulamin\/","og_site_name":"Blauchem","article_modified_time":"2025-05-12T08:11:36+00:00","twitter_card":"summary_large_image","twitter_misc":{"Gesch\u00e4tzte Lesezeit":"2\u00a0Minuten"},"schema":{"@context":"https:\/\/schema.org","@graph":[{"@type":"WebPage","@id":"https:\/\/blauchem.com\/regulamin\/","url":"https:\/\/blauchem.com\/regulamin\/","name":"Vorschriften - Blauchem","isPartOf":{"@id":"https:\/\/blauchem.com\/#website"},"datePublished":"2025-05-07T12:30:12+00:00","dateModified":"2025-05-12T08:11:36+00:00","breadcrumb":{"@id":"https:\/\/blauchem.com\/regulamin\/#breadcrumb"},"inLanguage":"de","potentialAction":[{"@type":"ReadAction","target":["https:\/\/blauchem.com\/regulamin\/"]}]},{"@type":"BreadcrumbList","@id":"https:\/\/blauchem.com\/regulamin\/#breadcrumb","itemListElement":[{"@type":"ListItem","position":1,"name":"Strona g\u0142\u00f3wna","item":"https:\/\/blauchem.com\/"},{"@type":"ListItem","position":2,"name":"Vorschriften"}]},{"@type":"WebSite","@id":"https:\/\/blauchem.com\/#website","url":"https:\/\/blauchem.com\/","name":"Blauchem - Bezpo\u015bredni producent kanistr\u00f3w z AdBlue\u00ae","description":"","publisher":{"@id":"https:\/\/blauchem.com\/#organization"},"potentialAction":[{"@type":"SearchAction","target":{"@type":"EntryPoint","urlTemplate":"https:\/\/blauchem.com\/?s={search_term_string}"},"query-input":{"@type":"PropertyValueSpecification","valueRequired":true,"valueName":"search_term_string"}}],"inLanguage":"de"},{"@type":"Organization","@id":"https:\/\/blauchem.com\/#organization","name":"Blauchem - Bezpo\u015bredni producent kanistr\u00f3w z AdBlue\u00ae","url":"https:\/\/blauchem.com\/","logo":{"@type":"ImageObject","inLanguage":"de","@id":"https:\/\/blauchem.com\/#\/schema\/logo\/image\/","url":"https:\/\/blauchem.com\/wp-content\/uploads\/2025\/03\/logo_blauchem.jpg","contentUrl":"https:\/\/blauchem.com\/wp-content\/uploads\/2025\/03\/logo_blauchem.jpg","width":566,"height":136,"caption":"Blauchem - Bezpo\u015bredni producent kanistr\u00f3w z AdBlue\u00ae"},"image":{"@id":"https:\/\/blauchem.com\/#\/schema\/logo\/image\/"}}]}},"_links":{"self":[{"href":"https:\/\/blauchem.com\/de\/wp-json\/wp\/v2\/pages\/487","targetHints":{"allow":["GET"]}}],"collection":[{"href":"https:\/\/blauchem.com\/de\/wp-json\/wp\/v2\/pages"}],"about":[{"href":"https:\/\/blauchem.com\/de\/wp-json\/wp\/v2\/types\/page"}],"author":[{"embeddable":true,"href":"https:\/\/blauchem.com\/de\/wp-json\/wp\/v2\/users\/1"}],"replies":[{"embeddable":true,"href":"https:\/\/blauchem.com\/de\/wp-json\/wp\/v2\/comments?post=487"}],"version-history":[{"count":2,"href":"https:\/\/blauchem.com\/de\/wp-json\/wp\/v2\/pages\/487\/revisions"}],"predecessor-version":[{"id":489,"href":"https:\/\/blauchem.com\/de\/wp-json\/wp\/v2\/pages\/487\/revisions\/489"}],"wp:attachment":[{"href":"https:\/\/blauchem.com\/de\/wp-json\/wp\/v2\/media?parent=487"}],"curies":[{"name":"wp","href":"https:\/\/api.w.org\/{rel}","templated":true}]}}