{"id":493,"date":"2025-05-05T12:46:41","date_gmt":"2025-05-05T10:46:41","guid":{"rendered":"https:\/\/blauchem.com\/ueber-uns\/"},"modified":"2025-05-12T10:11:39","modified_gmt":"2025-05-12T08:11:39","slug":"ueber-uns","status":"publish","type":"page","link":"https:\/\/blauchem.com\/de\/ueber-uns\/","title":{"rendered":"\u00dcber uns"},"content":{"rendered":"<p>[et_pb_section fb_built=&#8220;1&#8243; custom_padding_last_edited=&#8220;on|tablet&#8220; next_background_color=&#8220;#ffffff&#8220; admin_label=&#8220;Hero&#8220; _builder_version=&#8220;4.27.4&#8243; use_background_color_gradient=&#8220;on&#8220; background_color_gradient_type=&#8220;circular&#8220; background_color_gradient_direction_radial=&#8220;top right&#8220; background_color_gradient_stops=&#8220;rgba(255,255,255,0) 19%|rgba(15,35,62,0.86) 52%&#8220; background_color_gradient_overlays_image=&#8220;on&#8220; background_color_gradient_start=&#8220;rgba(255,255,255,0)&#8220; background_color_gradient_start_position=&#8220;20%&#8220; background_color_gradient_end=&#8220;rgba(1,77,183,0.9)&#8220; background_image=&#8220;https:\/\/blauchem.com\/wp-content\/uploads\/2025\/03\/Blauchem-grupa-azoty-2.jpg&#8220; custom_padding=&#8220;110px|0px|160px|0px|false|false&#8220; custom_padding_tablet=&#8220;50px||50px||true&#8220; custom_padding_phone=&#8220;|||&#8220; bottom_divider_style=&#8220;asymmetric&#8220; bottom_divider_height=&#8220;50px&#8220; bottom_divider_flip=&#8220;horizontal&#8220; bottom_divider_height_tablet=&#8220;90px&#8220; bottom_divider_height_phone=&#8220;80px&#8220; background_last_edited=&#8220;on|phone&#8220; use_background_color_gradient_phone=&#8220;on&#8220; background_color_gradient_stops_phone=&#8220;rgba(255,255,255,0) 0%|rgba(15,35,62,0.86) 33%&#8220; locked=&#8220;off&#8220; global_colors_info=&#8220;{%22gcid-40ae13c2-acf0-4a29-9c86-e714f84cc2ce%22:%91%22background_color_gradient_stops%22%93,%22gcid-heading-color%22:%91%22background_color_gradient_stops%22%93,%22gcid-987178a7-1ad8-4a4d-a532-92ab3b20a077%22:%91%22background_color_gradient_stops%22%93}&#8220;][et_pb_row column_structure=&#8220;2_3,1_3&#8243; _builder_version=&#8220;4.27.4&#8243; custom_width_px=&#8220;1280px&#8220; global_colors_info=&#8220;{}&#8220;][et_pb_column type=&#8220;2_3&#8243; _builder_version=&#8220;4.16&#8243; custom_padding=&#8220;|||&#8220; global_colors_info=&#8220;{}&#8220; custom_padding__hover=&#8220;|||&#8220;][et_pb_text _builder_version=&#8220;4.27.4&#8243; text_font=&#8220;Montserrat||||||||&#8220; text_text_color=&#8220;rgba(255,255,255,0.7)&#8220; text_font_size=&#8220;20px&#8220; text_line_height=&#8220;1.8em&#8220; header_font=&#8220;Montserrat|700|||||||&#8220; header_font_size=&#8220;44px&#8220; header_line_height=&#8220;1.4em&#8220; header_6_font=&#8220;Montserrat|600||on|||||&#8220; header_6_text_color=&#8220;rgba(255,255,255,0.7)&#8220; header_6_font_size=&#8220;16px&#8220; header_6_letter_spacing=&#8220;2px&#8220; header_6_line_height=&#8220;1.5em&#8220; background_layout=&#8220;dark&#8220; max_width=&#8220;780px&#8220; text_font_size_tablet=&#8220;&#8220; text_font_size_phone=&#8220;17px&#8220; text_font_size_last_edited=&#8220;on|phone&#8220; header_text_align_tablet=&#8220;&#8220; header_text_align_phone=&#8220;center&#8220; header_text_align_last_edited=&#8220;on|phone&#8220; header_font_size_tablet=&#8220;&#8220; header_font_size_phone=&#8220;41px&#8220; header_font_size_last_edited=&#8220;on|desktop&#8220; text_orientation_tablet=&#8220;&#8220; text_orientation_phone=&#8220;center&#8220; text_orientation_last_edited=&#8220;on|phone&#8220; global_colors_info=&#8220;{}&#8220;]<\/p>\n<h1>\u00dcber uns<\/h1>\n<p>Autorisierter H\u00e4ndler der <strong>AZOTY GROUP.<\/strong><\/p>\n<p>[\/et_pb_text][\/et_pb_column][et_pb_column type=&#8220;1_3&#8243; disabled_on=&#8220;on|on|on&#8220; _builder_version=&#8220;4.27.4&#8243; custom_padding=&#8220;|||&#8220; disabled=&#8220;on&#8220; global_colors_info=&#8220;{}&#8220; custom_padding__hover=&#8220;|||&#8220;][\/et_pb_column][\/et_pb_row][\/et_pb_section][et_pb_section fb_built=&#8220;1&#8243; _builder_version=&#8220;4.27.4&#8243; background_enable_color=&#8220;off&#8220; custom_padding=&#8220;|||&#8220; global_colors_info=&#8220;{}&#8220;][et_pb_row column_structure=&#8220;1_3,2_3&#8243; _builder_version=&#8220;4.16&#8243; global_colors_info=&#8220;{}&#8220;][et_pb_column type=&#8220;1_3&#8243; _builder_version=&#8220;4.16&#8243; custom_padding=&#8220;30px|||&#8220; custom_padding_tablet=&#8220;0px|||&#8220; custom_padding_phone=&#8220;0px|||&#8220; custom_padding_last_edited=&#8220;on|tablet&#8220; global_colors_info=&#8220;{}&#8220; padding_tablet=&#8220;0px|||&#8220; padding_last_edited=&#8220;on|tablet&#8220; custom_padding__hover=&#8220;|||&#8220; padding_phone=&#8220;0px|||&#8220;][et_pb_text _builder_version=&#8220;4.27.4&#8243; text_font=&#8220;Montserrat||||||||&#8220; text_font_size=&#8220;16px&#8220; text_line_height=&#8220;1.8em&#8220; link_font=&#8220;Montserrat|700|||||||&#8220; link_text_color=&#8220;#fa546d&#8220; link_font_size=&#8220;22px&#8220; link_line_height=&#8220;1.5em&#8220; header_font=&#8220;||||||||&#8220; header_2_font=&#8220;Montserrat|700|||||||&#8220; header_2_font_size=&#8220;40px&#8220; header_2_line_height=&#8220;1.4em&#8220; header_6_font=&#8220;Montserrat|600||on|||||&#8220; header_6_text_color=&#8220;gcid-40ae13c2-acf0-4a29-9c86-e714f84cc2ce&#8220; header_6_font_size=&#8220;16px&#8220; header_6_letter_spacing=&#8220;2px&#8220; header_6_line_height=&#8220;1.5em&#8220; max_width_last_edited=&#8220;off|desktop&#8220; module_alignment=&#8220;left&#8220; custom_margin=&#8220;|||&#8220; custom_padding=&#8220;|||&#8220; header_2_font_size_tablet=&#8220;&#8220; header_2_font_size_phone=&#8220;24px&#8220; header_2_font_size_last_edited=&#8220;on|phone&#8220; locked=&#8220;off&#8220; global_colors_info=&#8220;{%22gcid-40ae13c2-acf0-4a29-9c86-e714f84cc2ce%22:%91%22header_6_text_color%22%93}&#8220;]<\/p>\n<h6>Informationen<\/h6>\n<h2>BlauChem<\/h2>\n<p data-start=\"197\" data-end=\"601\" class=\"\">Wir sind seit Jahren erfolgreich auf dem Markt f\u00fcr technische Chemikalien t\u00e4tig. Wir sind <strong data-start=\"327\" data-end=\"393\">offizieller und autorisierter Distributor von Produkten der AZOTY GROUP<\/strong> &#8211; einem der gr\u00f6\u00dften Chemiekonzerne in Europa. Als <strong data-start=\"468\" data-end=\"513\">direkter Hersteller von AdBlue\u00ae-Kanistern<\/strong> bieten wir unseren Kunden au\u00dferdem umfassende Logistik- und Lieferl\u00f6sungen.  <\/p>\n<p data-start=\"1154\" data-end=\"1337\" class=\"\">\n<p>[\/et_pb_text][\/et_pb_column][et_pb_column type=&#8220;2_3&#8243; _builder_version=&#8220;4.16&#8243; custom_padding=&#8220;|||&#8220; global_colors_info=&#8220;{}&#8220; custom_padding__hover=&#8220;|||&#8220;][et_pb_video_slider show_image_overlay=&#8220;on&#8220; _builder_version=&#8220;4.16&#8243; border_radii=&#8220;on|6px|6px|6px|6px&#8220; locked=&#8220;off&#8220; global_colors_info=&#8220;{}&#8220;][et_pb_video_slider_item src=&#8220;https:\/\/www.youtube.com\/watch?v=FkQuawiGWUw&#8220; image_src=&#8220;https:\/\/blauchem.com\/wp-content\/uploads\/2025\/04\/pharmacy-21.jpg&#8220; _builder_version=&#8220;3.7&#8243; global_colors_info=&#8220;{}&#8220; show_image_overlay=&#8220;on&#8220;][\/et_pb_video_slider_item][et_pb_video_slider_item src=&#8220;https:\/\/www.youtube.com\/watch?v=FkQuawiGWUw&#8220; image_src=&#8220;https:\/\/blauchem.com\/wp-content\/uploads\/2025\/03\/img-7.jpg&#8220; _builder_version=&#8220;3.7&#8243; global_colors_info=&#8220;{}&#8220; show_image_overlay=&#8220;on&#8220;][\/et_pb_video_slider_item][et_pb_video_slider_item src=&#8220;https:\/\/www.youtube.com\/watch?v=FkQuawiGWUw&#8220; image_src=&#8220;https:\/\/blauchem.com\/wp-content\/uploads\/2025\/03\/pharmacy-11.jpg&#8220; _builder_version=&#8220;3.7&#8243; global_colors_info=&#8220;{}&#8220; show_image_overlay=&#8220;on&#8220;][\/et_pb_video_slider_item][et_pb_video_slider_item src=&#8220;https:\/\/www.youtube.com\/watch?v=FkQuawiGWUw&#8220; image_src=&#8220;https:\/\/blauchem.com\/wp-content\/uploads\/2025\/03\/img-6.jpg&#8220; _builder_version=&#8220;3.7&#8243; global_colors_info=&#8220;{}&#8220; show_image_overlay=&#8220;on&#8220;][\/et_pb_video_slider_item][\/et_pb_video_slider][\/et_pb_column][\/et_pb_row][et_pb_row _builder_version=&#8220;4.27.4&#8243; _module_preset=&#8220;default&#8220; global_colors_info=&#8220;{}&#8220;][et_pb_column type=&#8220;4_4&#8243; _builder_version=&#8220;4.27.4&#8243; _module_preset=&#8220;default&#8220; global_colors_info=&#8220;{}&#8220;][et_pb_text _builder_version=&#8220;4.27.4&#8243; text_font=&#8220;Montserrat||||||||&#8220; text_font_size=&#8220;16px&#8220; text_line_height=&#8220;1.8em&#8220; link_font=&#8220;Montserrat|700|||||||&#8220; link_text_color=&#8220;#fa546d&#8220; link_font_size=&#8220;22px&#8220; link_line_height=&#8220;1.5em&#8220; header_font=&#8220;||||||||&#8220; header_2_font=&#8220;Montserrat|700|||||||&#8220; header_2_font_size=&#8220;40px&#8220; header_2_line_height=&#8220;1.4em&#8220; header_6_font=&#8220;Montserrat|600||on|||||&#8220; header_6_text_color=&#8220;gcid-40ae13c2-acf0-4a29-9c86-e714f84cc2ce&#8220; header_6_font_size=&#8220;16px&#8220; header_6_letter_spacing=&#8220;2px&#8220; header_6_line_height=&#8220;1.5em&#8220; text_orientation=&#8220;center&#8220; max_width_last_edited=&#8220;off|desktop&#8220; module_alignment=&#8220;center&#8220; custom_margin=&#8220;|||&#8220; custom_padding=&#8220;|||&#8220; header_2_font_size_tablet=&#8220;&#8220; header_2_font_size_phone=&#8220;24px&#8220; header_2_font_size_last_edited=&#8220;on|phone&#8220; global_colors_info=&#8220;{%22gcid-40ae13c2-acf0-4a29-9c86-e714f84cc2ce%22:%91%22header_6_text_color%22%93}&#8220;]<\/p>\n<h6>FINDEN SIE MEHR<\/h6>\n<h2>Unsere Aktivit\u00e4ten<\/h2>\n<p data-start=\"603\" data-end=\"867\" class=\"\">Wir st\u00fctzen unser Gesch\u00e4ft auf langj\u00e4hrige Erfahrung, Transparenz und den Aufbau dauerhafter Beziehungen zu unseren Gesch\u00e4ftspartnern. Wir arbeiten flexibel und passen uns an die Besonderheiten der Branchen an, mit denen wir zusammenarbeiten &#8211; einschlie\u00dflich Transport, Industrie und Landwirtschaft. <\/p>\n<p data-start=\"869\" data-end=\"1152\" class=\"\">Wir verpflichten uns zu den h\u00f6chsten Qualit\u00e4tsstandards, die durch Zertifikate und die Einhaltung der geltenden europ\u00e4ischen Normen best\u00e4tigt werden. Dank bew\u00e4hrter Lieferanten, eines effizienten Vertriebssystems und eines engagierten Teams garantieren wir eine p\u00fcnktliche Lieferung und wettbewerbsf\u00e4hige Gesch\u00e4ftsbedingungen. <\/p>\n<p data-start=\"1154\" data-end=\"1337\" class=\"\">Wir bedienen sowohl nationale als auch internationale Kunden und bieten professionelle technische Beratung, eine individuelle Auftragsabwicklung und Unterst\u00fctzung in jeder Phase der Zusammenarbeit.<\/p>\n<p>[\/et_pb_text][\/et_pb_column][\/et_pb_row][\/et_pb_section][et_pb_section fb_built=&#8220;1&#8243; admin_label=&#8220;Trusted By&#8220; _builder_version=&#8220;4.27.4&#8243; background_color=&#8220;gcid-987178a7-1ad8-4a4d-a532-92ab3b20a077&#8243; module_alignment=&#8220;right&#8220; custom_padding=&#8220;76px|0px|76px|0px|true|false&#8220; global_colors_info=&#8220;{%22gcid-987178a7-1ad8-4a4d-a532-92ab3b20a077%22:%91%22background_color%22%93}&#8220; global_module=&#8220;239&#8243; saved_tabs=&#8220;all&#8220;][et_pb_row column_structure=&#8220;1_2,1_4,1_4&#8243; _builder_version=&#8220;4.16&#8243; global_colors_info=&#8220;{}&#8220;][et_pb_column type=&#8220;1_2&#8243; _builder_version=&#8220;4.16&#8243; custom_padding=&#8220;|||&#8220; global_colors_info=&#8220;{}&#8220; custom_padding__hover=&#8220;|||&#8220;][et_pb_text _builder_version=&#8220;4.16&#8243; text_font=&#8220;Montserrat||||||||&#8220; text_font_size=&#8220;16px&#8220; text_line_height=&#8220;1.8em&#8220; header_font=&#8220;||||||||&#8220; header_2_font=&#8220;Montserrat|700|||||||&#8220; header_2_font_size=&#8220;40px&#8220; header_2_line_height=&#8220;1.4em&#8220; header_6_font=&#8220;Montserrat|600||on|||||&#8220; header_6_font_size=&#8220;16px&#8220; header_6_letter_spacing=&#8220;2px&#8220; header_6_line_height=&#8220;1.5em&#8220; background_layout=&#8220;dark&#8220; custom_margin=&#8220;|||&#8220; header_2_font_size_tablet=&#8220;&#8220; header_2_font_size_phone=&#8220;24px&#8220; header_2_font_size_last_edited=&#8220;on|phone&#8220; global_colors_info=&#8220;{}&#8220;]<\/p>\n<h6>SIE VERTRAUEN UNS<\/h6>\n<h2>WIR ARBEITEN <br \/>MIT DEN BESTEN<\/h2>\n<p data-start=\"1339\" data-end=\"1383\" class=\"\"><strong data-start=\"1339\" data-end=\"1383\">BlauChem &#8211; Chemie, der Sie vertrauen k\u00f6nnen.<\/strong><\/p>\n<p>[\/et_pb_text][et_pb_button button_text=&#8220;ANGEBOT&#8220; _builder_version=&#8220;4.27.4&#8243; custom_button=&#8220;on&#8220; button_text_size=&#8220;14px&#8220; button_bg_color=&#8220;gcid-40ae13c2-acf0-4a29-9c86-e714f84cc2ce&#8220; button_border_width=&#8220;12px&#8220; button_border_color=&#8220;rgba(0,0,0,0)&#8220; button_border_radius=&#8220;100px&#8220; button_font=&#8220;Montserrat|700|||||||&#8220; button_use_icon=&#8220;off&#8220; background_layout=&#8220;dark&#8220; hover_enabled=&#8220;0&#8243; box_shadow_style=&#8220;preset3&#8243; button_border_radius_hover=&#8220;100px&#8220; button_bg_color_hover=&#8220;#ff6b86&#8243; global_colors_info=&#8220;{%22gcid-40ae13c2-acf0-4a29-9c86-e714f84cc2ce%22:%91%22button_bg_color%22%93}&#8220; button_text_size__hover_enabled=&#8220;off&#8220; button_one_text_size__hover_enabled=&#8220;off&#8220; button_two_text_size__hover_enabled=&#8220;off&#8220; button_text_color__hover_enabled=&#8220;off&#8220; button_one_text_color__hover_enabled=&#8220;off&#8220; button_two_text_color__hover_enabled=&#8220;off&#8220; button_border_width__hover_enabled=&#8220;off&#8220; button_one_border_width__hover_enabled=&#8220;off&#8220; button_two_border_width__hover_enabled=&#8220;off&#8220; button_border_color__hover_enabled=&#8220;off&#8220; button_one_border_color__hover_enabled=&#8220;off&#8220; button_two_border_color__hover_enabled=&#8220;off&#8220; button_border_radius__hover_enabled=&#8220;on&#8220; button_border_radius__hover=&#8220;100px&#8220; button_one_border_radius__hover_enabled=&#8220;off&#8220; button_two_border_radius__hover_enabled=&#8220;off&#8220; button_letter_spacing__hover_enabled=&#8220;off&#8220; button_one_letter_spacing__hover_enabled=&#8220;off&#8220; button_two_letter_spacing__hover_enabled=&#8220;off&#8220; button_bg_color__hover_enabled=&#8220;on&#8220; button_bg_color__hover=&#8220;#ff6b86&#8243; button_one_bg_color__hover_enabled=&#8220;off&#8220; button_two_bg_color__hover_enabled=&#8220;off&#8220; button_url=&#8220;@ET-DC@eyJkeW5hbWljIjp0cnVlLCJjb250ZW50IjoicG9zdF9saW5rX3VybF9wYWdlIiwic2V0dGluZ3MiOnsicG9zdF9pZCI6IjEzNCIsImVuYWJsZV9odG1sIjoib2ZmIn19@&#8220; _dynamic_attributes=&#8220;button_url&#8220; sticky_enabled=&#8220;0&#8243;][\/et_pb_button][\/et_pb_column][et_pb_column type=&#8220;1_4&#8243; _builder_version=&#8220;4.16&#8243; custom_padding=&#8220;|||&#8220; global_colors_info=&#8220;{}&#8220; custom_padding__hover=&#8220;|||&#8220;][et_pb_image src=&#8220;https:\/\/blauchem.com\/wp-content\/uploads\/2025\/03\/logo_01.png&#8220; align_tablet=&#8220;center&#8220; align_phone=&#8220;center&#8220; align_last_edited=&#8220;on|desktop&#8220; _builder_version=&#8220;4.16&#8243; global_colors_info=&#8220;{}&#8220;][\/et_pb_image][et_pb_image src=&#8220;https:\/\/blauchem.com\/wp-content\/uploads\/2025\/03\/logo_04.png&#8220; align_tablet=&#8220;center&#8220; align_phone=&#8220;center&#8220; align_last_edited=&#8220;on|desktop&#8220; _builder_version=&#8220;4.16&#8243; locked=&#8220;off&#8220; global_colors_info=&#8220;{}&#8220;][\/et_pb_image][\/et_pb_column][et_pb_column type=&#8220;1_4&#8243; _builder_version=&#8220;4.16&#8243; custom_padding=&#8220;|||&#8220; global_colors_info=&#8220;{}&#8220; custom_padding__hover=&#8220;|||&#8220;][et_pb_image src=&#8220;https:\/\/blauchem.com\/wp-content\/uploads\/2025\/03\/logo_02.png&#8220; align_tablet=&#8220;center&#8220; align_phone=&#8220;center&#8220; align_last_edited=&#8220;on|desktop&#8220; _builder_version=&#8220;4.16&#8243; locked=&#8220;off&#8220; global_colors_info=&#8220;{}&#8220;][\/et_pb_image][et_pb_image src=&#8220;https:\/\/blauchem.com\/wp-content\/uploads\/2025\/03\/logo_03.png&#8220; align_tablet=&#8220;center&#8220; align_phone=&#8220;center&#8220; align_last_edited=&#8220;on|desktop&#8220; _builder_version=&#8220;4.16&#8243; locked=&#8220;off&#8220; global_colors_info=&#8220;{}&#8220;][\/et_pb_image][\/et_pb_column][\/et_pb_row][\/et_pb_section]<\/p>\n","protected":false},"excerpt":{"rendered":"<p>\u00dcber uns Autorisierter H\u00e4ndler der AZOTY GROUP.Informationen BlauChem Wir sind seit Jahren erfolgreich auf dem Markt f\u00fcr technische Chemikalien t\u00e4tig. Wir sind offizieller und autorisierter Distributor von Produkten der AZOTY GROUP &#8211; einem der gr\u00f6\u00dften Chemiekonzerne in Europa. Als direkter Hersteller von AdBlue\u00ae-Kanistern bieten wir unseren Kunden au\u00dferdem umfassende Logistik- und Lieferl\u00f6sungen. FINDEN SIE MEHR [&hellip;]<\/p>\n","protected":false},"author":1,"featured_media":0,"parent":0,"menu_order":0,"comment_status":"closed","ping_status":"closed","template":"","meta":{"_et_pb_use_builder":"on","_et_pb_old_content":"","_et_gb_content_width":"","footnotes":""},"class_list":["post-493","page","type-page","status-publish","hentry"],"yoast_head":"<!-- This site is optimized with the Yoast SEO plugin v26.4 - https:\/\/yoast.com\/wordpress\/plugins\/seo\/ -->\n<title>\u00dcber uns - Blauchem<\/title>\n<meta name=\"robots\" content=\"index, follow, max-snippet:-1, max-image-preview:large, max-video-preview:-1\" \/>\n<link rel=\"canonical\" href=\"https:\/\/blauchem.com\/o-nas\/\" \/>\n<meta property=\"og:locale\" content=\"de_DE\" \/>\n<meta property=\"og:type\" content=\"article\" \/>\n<meta property=\"og:title\" content=\"\u00dcber uns - Blauchem\" \/>\n<meta property=\"og:description\" content=\"\u00dcber uns Autorisierter H\u00e4ndler der AZOTY GROUP.Informationen BlauChem Wir sind seit Jahren erfolgreich auf dem Markt f\u00fcr technische Chemikalien t\u00e4tig. Wir sind offizieller und autorisierter Distributor von Produkten der AZOTY GROUP - einem der gr\u00f6\u00dften Chemiekonzerne in Europa. Als direkter Hersteller von AdBlue\u00ae-Kanistern bieten wir unseren Kunden au\u00dferdem umfassende Logistik- und Lieferl\u00f6sungen. FINDEN SIE MEHR [&hellip;]\" \/>\n<meta property=\"og:url\" content=\"https:\/\/blauchem.com\/o-nas\/\" \/>\n<meta property=\"og:site_name\" content=\"Blauchem\" \/>\n<meta property=\"article:modified_time\" content=\"2025-05-12T08:11:39+00:00\" \/>\n<meta name=\"twitter:card\" content=\"summary_large_image\" \/>\n<meta name=\"twitter:label1\" content=\"Gesch\u00e4tzte Lesezeit\" \/>\n\t<meta name=\"twitter:data1\" content=\"8\u00a0Minuten\" \/>\n<script type=\"application\/ld+json\" class=\"yoast-schema-graph\">{\"@context\":\"https:\/\/schema.org\",\"@graph\":[{\"@type\":\"WebPage\",\"@id\":\"https:\/\/blauchem.com\/o-nas\/\",\"url\":\"https:\/\/blauchem.com\/o-nas\/\",\"name\":\"\u00dcber uns - Blauchem\",\"isPartOf\":{\"@id\":\"https:\/\/blauchem.com\/#website\"},\"datePublished\":\"2025-05-05T10:46:41+00:00\",\"dateModified\":\"2025-05-12T08:11:39+00:00\",\"breadcrumb\":{\"@id\":\"https:\/\/blauchem.com\/o-nas\/#breadcrumb\"},\"inLanguage\":\"de\",\"potentialAction\":[{\"@type\":\"ReadAction\",\"target\":[\"https:\/\/blauchem.com\/o-nas\/\"]}]},{\"@type\":\"BreadcrumbList\",\"@id\":\"https:\/\/blauchem.com\/o-nas\/#breadcrumb\",\"itemListElement\":[{\"@type\":\"ListItem\",\"position\":1,\"name\":\"Strona g\u0142\u00f3wna\",\"item\":\"https:\/\/blauchem.com\/\"},{\"@type\":\"ListItem\",\"position\":2,\"name\":\"\u00dcber uns\"}]},{\"@type\":\"WebSite\",\"@id\":\"https:\/\/blauchem.com\/#website\",\"url\":\"https:\/\/blauchem.com\/\",\"name\":\"Blauchem - Bezpo\u015bredni producent kanistr\u00f3w z AdBlue\u00ae\",\"description\":\"\",\"publisher\":{\"@id\":\"https:\/\/blauchem.com\/#organization\"},\"potentialAction\":[{\"@type\":\"SearchAction\",\"target\":{\"@type\":\"EntryPoint\",\"urlTemplate\":\"https:\/\/blauchem.com\/?s={search_term_string}\"},\"query-input\":{\"@type\":\"PropertyValueSpecification\",\"valueRequired\":true,\"valueName\":\"search_term_string\"}}],\"inLanguage\":\"de\"},{\"@type\":\"Organization\",\"@id\":\"https:\/\/blauchem.com\/#organization\",\"name\":\"Blauchem - Bezpo\u015bredni producent kanistr\u00f3w z AdBlue\u00ae\",\"url\":\"https:\/\/blauchem.com\/\",\"logo\":{\"@type\":\"ImageObject\",\"inLanguage\":\"de\",\"@id\":\"https:\/\/blauchem.com\/#\/schema\/logo\/image\/\",\"url\":\"https:\/\/blauchem.com\/wp-content\/uploads\/2025\/03\/logo_blauchem.jpg\",\"contentUrl\":\"https:\/\/blauchem.com\/wp-content\/uploads\/2025\/03\/logo_blauchem.jpg\",\"width\":566,\"height\":136,\"caption\":\"Blauchem - Bezpo\u015bredni producent kanistr\u00f3w z AdBlue\u00ae\"},\"image\":{\"@id\":\"https:\/\/blauchem.com\/#\/schema\/logo\/image\/\"}}]}<\/script>\n<!-- \/ Yoast SEO plugin. -->","yoast_head_json":{"title":"\u00dcber uns - Blauchem","robots":{"index":"index","follow":"follow","max-snippet":"max-snippet:-1","max-image-preview":"max-image-preview:large","max-video-preview":"max-video-preview:-1"},"canonical":"https:\/\/blauchem.com\/o-nas\/","og_locale":"de_DE","og_type":"article","og_title":"\u00dcber uns - Blauchem","og_description":"\u00dcber uns Autorisierter H\u00e4ndler der AZOTY GROUP.Informationen BlauChem Wir sind seit Jahren erfolgreich auf dem Markt f\u00fcr technische Chemikalien t\u00e4tig. Wir sind offizieller und autorisierter Distributor von Produkten der AZOTY GROUP - einem der gr\u00f6\u00dften Chemiekonzerne in Europa. Als direkter Hersteller von AdBlue\u00ae-Kanistern bieten wir unseren Kunden au\u00dferdem umfassende Logistik- und Lieferl\u00f6sungen. FINDEN SIE MEHR [&hellip;]","og_url":"https:\/\/blauchem.com\/o-nas\/","og_site_name":"Blauchem","article_modified_time":"2025-05-12T08:11:39+00:00","twitter_card":"summary_large_image","twitter_misc":{"Gesch\u00e4tzte Lesezeit":"8\u00a0Minuten"},"schema":{"@context":"https:\/\/schema.org","@graph":[{"@type":"WebPage","@id":"https:\/\/blauchem.com\/o-nas\/","url":"https:\/\/blauchem.com\/o-nas\/","name":"\u00dcber uns - Blauchem","isPartOf":{"@id":"https:\/\/blauchem.com\/#website"},"datePublished":"2025-05-05T10:46:41+00:00","dateModified":"2025-05-12T08:11:39+00:00","breadcrumb":{"@id":"https:\/\/blauchem.com\/o-nas\/#breadcrumb"},"inLanguage":"de","potentialAction":[{"@type":"ReadAction","target":["https:\/\/blauchem.com\/o-nas\/"]}]},{"@type":"BreadcrumbList","@id":"https:\/\/blauchem.com\/o-nas\/#breadcrumb","itemListElement":[{"@type":"ListItem","position":1,"name":"Strona g\u0142\u00f3wna","item":"https:\/\/blauchem.com\/"},{"@type":"ListItem","position":2,"name":"\u00dcber uns"}]},{"@type":"WebSite","@id":"https:\/\/blauchem.com\/#website","url":"https:\/\/blauchem.com\/","name":"Blauchem - Bezpo\u015bredni producent kanistr\u00f3w z AdBlue\u00ae","description":"","publisher":{"@id":"https:\/\/blauchem.com\/#organization"},"potentialAction":[{"@type":"SearchAction","target":{"@type":"EntryPoint","urlTemplate":"https:\/\/blauchem.com\/?s={search_term_string}"},"query-input":{"@type":"PropertyValueSpecification","valueRequired":true,"valueName":"search_term_string"}}],"inLanguage":"de"},{"@type":"Organization","@id":"https:\/\/blauchem.com\/#organization","name":"Blauchem - Bezpo\u015bredni producent kanistr\u00f3w z AdBlue\u00ae","url":"https:\/\/blauchem.com\/","logo":{"@type":"ImageObject","inLanguage":"de","@id":"https:\/\/blauchem.com\/#\/schema\/logo\/image\/","url":"https:\/\/blauchem.com\/wp-content\/uploads\/2025\/03\/logo_blauchem.jpg","contentUrl":"https:\/\/blauchem.com\/wp-content\/uploads\/2025\/03\/logo_blauchem.jpg","width":566,"height":136,"caption":"Blauchem - Bezpo\u015bredni producent kanistr\u00f3w z AdBlue\u00ae"},"image":{"@id":"https:\/\/blauchem.com\/#\/schema\/logo\/image\/"}}]}},"_links":{"self":[{"href":"https:\/\/blauchem.com\/de\/wp-json\/wp\/v2\/pages\/493","targetHints":{"allow":["GET"]}}],"collection":[{"href":"https:\/\/blauchem.com\/de\/wp-json\/wp\/v2\/pages"}],"about":[{"href":"https:\/\/blauchem.com\/de\/wp-json\/wp\/v2\/types\/page"}],"author":[{"embeddable":true,"href":"https:\/\/blauchem.com\/de\/wp-json\/wp\/v2\/users\/1"}],"replies":[{"embeddable":true,"href":"https:\/\/blauchem.com\/de\/wp-json\/wp\/v2\/comments?post=493"}],"version-history":[{"count":2,"href":"https:\/\/blauchem.com\/de\/wp-json\/wp\/v2\/pages\/493\/revisions"}],"predecessor-version":[{"id":495,"href":"https:\/\/blauchem.com\/de\/wp-json\/wp\/v2\/pages\/493\/revisions\/495"}],"wp:attachment":[{"href":"https:\/\/blauchem.com\/de\/wp-json\/wp\/v2\/media?parent=493"}],"curies":[{"name":"wp","href":"https:\/\/api.w.org\/{rel}","templated":true}]}}